{"id":945,"date":"2024-07-08T17:40:17","date_gmt":"2024-07-08T21:40:17","guid":{"rendered":"https:\/\/sports-crowd.com\/?page_id=945"},"modified":"2024-07-09T10:59:20","modified_gmt":"2024-07-09T14:59:20","slug":"website-privacy-notice","status":"publish","type":"page","link":"https:\/\/sports-crowd.com\/en\/website-privacy-notice\/","title":{"rendered":"Aviso privacidad pagina web"},"content":{"rendered":"<div class=\"row row-large\"  id=\"row-1074733868\">\n\n\n\t<div id=\"col-1533697253\" class=\"col small-12 large-12\"  >\n\t\t\t\t<div class=\"col-inner text-left\"  >\n\t\t\t\n\t\t\t\n\n\t<div id=\"text-1585624601\" class=\"text\">\n\t\t\n\n<h2 class=\"c5\" style=\"text-align: center;\"><strong><span class=\"c9 c12\">AVISO DE PRIVACIDAD P\u00c1GINA WEB<\/span><\/strong><\/h2>\n<p class=\"c2\" style=\"text-align: left;\"><span class=\"c1\">De conformidad con lo previsto en la \u201cLey Estatutaria 1581 de 2012\u201d y sus \u201cDecretos reglamentarios\u201d 1377 de 2013 y 1074 de 2015 capitulo 25; el presente <\/span><span class=\"c4\">AVISO DE PRIVACIDAD<\/span><span class=\"c1\">\u00a0tiene como objetivo informar a los titulares de datos personales la existencia de una pol\u00edtica de tratamiento de Datos Personales propia de FANATICADAS S.A.S.<\/span><span class=\"c4\">\u00a0<\/span><span class=\"c1\">en adelante <\/span><span class=\"c4\">El Responsable.<\/span><\/p>\n<p class=\"c2\" style=\"text-align: left;\"><span class=\"c1\">En cumplimiento e implementaci\u00f3n de las disposiciones legales y reglamentarias, FANATICADAS S.A.S.<\/span><span class=\"c4\">,<\/span><span class=\"c1\">\u00a0consecuente con la responsabilidad que les asiste en materia de Tratamiento de Datos Personales, garantiza el derecho constitucional que tienen todas las personas a conocer, actualizar, rectificar, suprimir y revocar la autorizaci\u00f3n respecto a la informaci\u00f3n recolectada en las bases de datos para las finalidades previstas en la Ley, las cuales han sido tratadas conforme a lo establecido por el r\u00e9gimen nacional de protecci\u00f3n de datos personales.<\/span><\/p>\n<p class=\"c2\" style=\"text-align: left;\"><span class=\"c1\">De acuerdo con la LEPD, el titular presta su consentimiento para que sus datos, facilitados voluntariamente a trav\u00e9s del presente formulario, pasen a formar parte de una base de datos.<\/span><\/p>\n<p class=\"c2 c3\">\n<p class=\"c2\"><span class=\"c4\"><strong>TRATAMIENTO Y FINALIDAD:\u00a0\u00a0<\/strong>\u00a0\u00a0\u00a0\u00a0\u00a0\u00a0<\/span><\/p>\n<p class=\"c2\"><span class=\"c1\">El tratamiento de la informaci\u00f3n que incluye la recolecci\u00f3n, almacenamiento, uso, circulaci\u00f3n de los datos personales, que realizar\u00e1 FANATICADAS S.A.S. con la informaci\u00f3n personal, ser\u00e1 para los fines propios<\/span><span class=\"c4\">, <\/span><span class=\"c1\">en especial dar tratamiento y respuesta a las peticiones, quejas, reclamos, denuncias, sugerencias y\/o felicitaciones presentadas a FANATICADAS S.A.S. <\/span><\/p>\n<p class=\"c2 c3\">\n<p class=\"c2\"><strong><span class=\"c4\">DERECHOS DEL TITULAR:<\/span><\/strong><\/p>\n<p class=\"c2\"><span class=\"c1\">Usted puede ejercer los derechos de acceso, actualizaci\u00f3n, correcci\u00f3n, supresi\u00f3n, revocaci\u00f3n o reclamo por infracci\u00f3n sobre sus datos, en los canales de atenci\u00f3n de FANATICADAS S.A.S., mediante escrito dirigido a la direcci\u00f3n de correo electr\u00f3nico, indicando en el \u201cAsunto\u201d, el derecho que desea ejercer; o a trav\u00e9s del correo ordinario remitido al domicilio de FANATICADAS S.A.S<\/span><span class=\"c4\">. <\/span><\/p>\n<p class=\"c2 c3\">\n<p class=\"c2\"><strong><span class=\"c4\">MECANISMOS PARA CONOCER LA POL\u00cdTICA DE TRATAMIENTO: <\/span><\/strong><\/p>\n<p class=\"c2\"><span class=\"c1\">El Titular podr\u00e1 realizar las solicitudes o consultar nuestra Pol\u00edtica de Protecci\u00f3n de Datos Personales por escrito en los canales de atenci\u00f3n de FANATICADAS S.A.S.<\/span><\/p>\n<p>Para mayor informaci\u00f3n de la pol\u00edtica de tratamiento de datos, podr\u00e1 consultar:\u00a0<span data-text-color=\"#AA2131\"><a href=\"https:\/\/sports-crowd.com\/en\/data-policies\/\" target=\"_blank\" rel=\"noopener\">Pol\u00edticas de Tratamiento de Datos.<\/a><\/span><\/p>\n<p class=\"c2 c3\">\n<p class=\"c2\"><strong><span class=\"c4\">CANALES DE ATENCI\u00d3N:<\/span><\/strong><\/p>\n<p class=\"c2\"><span class=\"c1\">La persona o \u00e1rea responsable de la atenci\u00f3n de consultas y reclamos, ante la cual el titular de la informaci\u00f3n puede ejercer los derechos y\/o solicitar la pol\u00edtica de tratamiento, es <\/span><span class=\"c4\">EL OFICIAL DE PROTECCI\u00d3N DE DATOS <\/span><span class=\"c1\">de<\/span><span class=\"c4\">\u00a0<\/span><span class=\"c1\">FANATICADAS S.A.S. con los siguientes canales de atenci\u00f3n:<\/span><\/p>\n<ul>\n<li><span class=\"c4\">Email: <\/span><span class=\"c1\">contacto@fanaticadas.co<\/span><\/li>\n<li><span class=\"c4\">Tel\u00e9fono:<\/span><span class=\"c1\">\u00a03817652<\/span><\/li>\n<li><span class=\"c4\">P\u00e1gina web: <\/span><span class=\"c0\"><a class=\"c6\" href=\"https:\/\/sports-crowd.com\/en\/\">www.<\/a><\/span><span class=\"c0 c9\"><a class=\"c6\" href=\"https:\/\/sports-crowd.com\/en\/\">sports-crowd.com\/<\/a><\/span><span class=\"c4\">\u00a0y <\/span><span class=\"c0 c9\"><a class=\"c6\" href=\"http:\/\/www.fanaticadas.co\/\">www.fanaticadas.co<\/a><\/span><span class=\"c0\"><a class=\"c6\" href=\"https:\/\/www.google.com\/url?q=http:\/\/www.fanaticadas.co\/&amp;sa=D&amp;source=editors&amp;ust=1720535862933808&amp;usg=AOvVaw3prWA4rAqQ--UoPnpOYJwz\">\/<\/a><\/span><\/li>\n<\/ul>\n\n\t\t\n<style>\n#text-1585624601 {\n  line-height: 1.5;\n}\n<\/style>\n\t<\/div>\n\t\n\n\t\t<\/div>\n\t\t\t\t\n<style>\n#col-1533697253 > .col-inner {\n  margin: 20px 0px 0px 0px;\n}\n<\/style>\n\t<\/div>\n\n\t\n\n<\/div>","protected":false},"excerpt":{"rendered":"","protected":false},"author":1,"featured_media":0,"parent":0,"menu_order":0,"comment_status":"closed","ping_status":"closed","template":"","meta":{"footnotes":""},"class_list":["post-945","page","type-page","status-publish","hentry"],"yoast_head":"<!-- This site is optimized with the Yoast SEO plugin v22.9 - https:\/\/yoast.com\/wordpress\/plugins\/seo\/ -->\n<title>Aviso privacidad pagina web - Sports Crowd<\/title>\n<meta name=\"robots\" content=\"index, follow, max-snippet:-1, max-image-preview:large, max-video-preview:-1\" \/>\n<link rel=\"canonical\" href=\"https:\/\/sports-crowd.com\/en\/website-privacy-notice\/\" \/>\n<meta property=\"og:locale\" content=\"en_US\" \/>\n<meta property=\"og:type\" content=\"article\" \/>\n<meta property=\"og:title\" content=\"Aviso privacidad pagina web - Sports Crowd\" \/>\n<meta property=\"og:url\" content=\"https:\/\/sports-crowd.com\/en\/website-privacy-notice\/\" \/>\n<meta property=\"og:site_name\" content=\"Sports Crowd\" \/>\n<meta property=\"article:modified_time\" content=\"2024-07-09T14:59:20+00:00\" \/>\n<meta property=\"og:image\" content=\"https:\/\/sports-crowd.com\/wp-content\/uploads\/2024\/05\/Recurso-2@2x.png\" \/>\n\t<meta property=\"og:image:width\" content=\"801\" \/>\n\t<meta property=\"og:image:height\" content=\"591\" \/>\n\t<meta property=\"og:image:type\" content=\"image\/png\" \/>\n<meta name=\"twitter:card\" content=\"summary_large_image\" \/>\n<meta name=\"twitter:label1\" content=\"Est. reading time\" \/>\n\t<meta name=\"twitter:data1\" content=\"2 minutes\" \/>\n<script type=\"application\/ld+json\" class=\"yoast-schema-graph\">{\"@context\":\"https:\/\/schema.org\",\"@graph\":[{\"@type\":\"WebPage\",\"@id\":\"https:\/\/sports-crowd.com\/website-privacy-notice\/\",\"url\":\"https:\/\/sports-crowd.com\/website-privacy-notice\/\",\"name\":\"Aviso privacidad pagina web - Sports Crowd\",\"isPartOf\":{\"@id\":\"https:\/\/sports-crowd.com\/#website\"},\"datePublished\":\"2024-07-08T21:40:17+00:00\",\"dateModified\":\"2024-07-09T14:59:20+00:00\",\"breadcrumb\":{\"@id\":\"https:\/\/sports-crowd.com\/website-privacy-notice\/#breadcrumb\"},\"inLanguage\":\"en-US\",\"potentialAction\":[{\"@type\":\"ReadAction\",\"target\":[\"https:\/\/sports-crowd.com\/website-privacy-notice\/\"]}]},{\"@type\":\"BreadcrumbList\",\"@id\":\"https:\/\/sports-crowd.com\/website-privacy-notice\/#breadcrumb\",\"itemListElement\":[{\"@type\":\"ListItem\",\"position\":1,\"name\":\"Portada\",\"item\":\"https:\/\/sports-crowd.com\/\"},{\"@type\":\"ListItem\",\"position\":2,\"name\":\"Aviso privacidad pagina web\"}]},{\"@type\":\"WebSite\",\"@id\":\"https:\/\/sports-crowd.com\/#website\",\"url\":\"https:\/\/sports-crowd.com\/\",\"name\":\"Sports Crowd\",\"description\":\"\",\"publisher\":{\"@id\":\"https:\/\/sports-crowd.com\/#organization\"},\"potentialAction\":[{\"@type\":\"SearchAction\",\"target\":{\"@type\":\"EntryPoint\",\"urlTemplate\":\"https:\/\/sports-crowd.com\/?s={search_term_string}\"},\"query-input\":\"required name=search_term_string\"}],\"inLanguage\":\"en-US\"},{\"@type\":\"Organization\",\"@id\":\"https:\/\/sports-crowd.com\/#organization\",\"name\":\"Sports Crowd\",\"url\":\"https:\/\/sports-crowd.com\/\",\"logo\":{\"@type\":\"ImageObject\",\"inLanguage\":\"en-US\",\"@id\":\"https:\/\/sports-crowd.com\/#\/schema\/logo\/image\/\",\"url\":\"https:\/\/sports-crowd.com\/wp-content\/uploads\/2024\/05\/logo@2x.png\",\"contentUrl\":\"https:\/\/sports-crowd.com\/wp-content\/uploads\/2024\/05\/logo@2x.png\",\"width\":799,\"height\":255,\"caption\":\"Sports Crowd\"},\"image\":{\"@id\":\"https:\/\/sports-crowd.com\/#\/schema\/logo\/image\/\"},\"sameAs\":[\"https:\/\/www.linkedin.com\/company\/sports-crowd-sc\/\"]}]}<\/script>\n<!-- \/ Yoast SEO plugin. -->","yoast_head_json":{"title":"Aviso privacidad pagina web - Sports Crowd","robots":{"index":"index","follow":"follow","max-snippet":"max-snippet:-1","max-image-preview":"max-image-preview:large","max-video-preview":"max-video-preview:-1"},"canonical":"https:\/\/sports-crowd.com\/en\/website-privacy-notice\/","og_locale":"en_US","og_type":"article","og_title":"Aviso privacidad pagina web - Sports Crowd","og_url":"https:\/\/sports-crowd.com\/en\/website-privacy-notice\/","og_site_name":"Sports Crowd","article_modified_time":"2024-07-09T14:59:20+00:00","og_image":[{"width":801,"height":591,"url":"https:\/\/sports-crowd.com\/wp-content\/uploads\/2024\/05\/Recurso-2@2x.png","type":"image\/png"}],"twitter_card":"summary_large_image","twitter_misc":{"Est. reading time":"2 minutes"},"schema":{"@context":"https:\/\/schema.org","@graph":[{"@type":"WebPage","@id":"https:\/\/sports-crowd.com\/website-privacy-notice\/","url":"https:\/\/sports-crowd.com\/website-privacy-notice\/","name":"Aviso privacidad pagina web - Sports Crowd","isPartOf":{"@id":"https:\/\/sports-crowd.com\/#website"},"datePublished":"2024-07-08T21:40:17+00:00","dateModified":"2024-07-09T14:59:20+00:00","breadcrumb":{"@id":"https:\/\/sports-crowd.com\/website-privacy-notice\/#breadcrumb"},"inLanguage":"en-US","potentialAction":[{"@type":"ReadAction","target":["https:\/\/sports-crowd.com\/website-privacy-notice\/"]}]},{"@type":"BreadcrumbList","@id":"https:\/\/sports-crowd.com\/website-privacy-notice\/#breadcrumb","itemListElement":[{"@type":"ListItem","position":1,"name":"Portada","item":"https:\/\/sports-crowd.com\/"},{"@type":"ListItem","position":2,"name":"Aviso privacidad pagina web"}]},{"@type":"WebSite","@id":"https:\/\/sports-crowd.com\/#website","url":"https:\/\/sports-crowd.com\/","name":"Sports Crowd","description":"","publisher":{"@id":"https:\/\/sports-crowd.com\/#organization"},"potentialAction":[{"@type":"SearchAction","target":{"@type":"EntryPoint","urlTemplate":"https:\/\/sports-crowd.com\/?s={search_term_string}"},"query-input":"required name=search_term_string"}],"inLanguage":"en-US"},{"@type":"Organization","@id":"https:\/\/sports-crowd.com\/#organization","name":"Sports Crowd","url":"https:\/\/sports-crowd.com\/","logo":{"@type":"ImageObject","inLanguage":"en-US","@id":"https:\/\/sports-crowd.com\/#\/schema\/logo\/image\/","url":"https:\/\/sports-crowd.com\/wp-content\/uploads\/2024\/05\/logo@2x.png","contentUrl":"https:\/\/sports-crowd.com\/wp-content\/uploads\/2024\/05\/logo@2x.png","width":799,"height":255,"caption":"Sports Crowd"},"image":{"@id":"https:\/\/sports-crowd.com\/#\/schema\/logo\/image\/"},"sameAs":["https:\/\/www.linkedin.com\/company\/sports-crowd-sc\/"]}]}},"_links":{"self":[{"href":"https:\/\/sports-crowd.com\/en\/wp-json\/wp\/v2\/pages\/945","targetHints":{"allow":["GET"]}}],"collection":[{"href":"https:\/\/sports-crowd.com\/en\/wp-json\/wp\/v2\/pages"}],"about":[{"href":"https:\/\/sports-crowd.com\/en\/wp-json\/wp\/v2\/types\/page"}],"author":[{"embeddable":true,"href":"https:\/\/sports-crowd.com\/en\/wp-json\/wp\/v2\/users\/1"}],"replies":[{"embeddable":true,"href":"https:\/\/sports-crowd.com\/en\/wp-json\/wp\/v2\/comments?post=945"}],"version-history":[{"count":10,"href":"https:\/\/sports-crowd.com\/en\/wp-json\/wp\/v2\/pages\/945\/revisions"}],"predecessor-version":[{"id":963,"href":"https:\/\/sports-crowd.com\/en\/wp-json\/wp\/v2\/pages\/945\/revisions\/963"}],"wp:attachment":[{"href":"https:\/\/sports-crowd.com\/en\/wp-json\/wp\/v2\/media?parent=945"}],"curies":[{"name":"wp","href":"https:\/\/api.w.org\/{rel}","templated":true}]}}